{"id":883,"date":"2016-01-04T15:52:41","date_gmt":"2016-01-04T14:52:41","guid":{"rendered":"http:\/\/themes.webdevia.com\/solar-wp\/?page_id=883"},"modified":"2026-04-15T05:16:48","modified_gmt":"2026-04-15T04:16:48","slug":"tidaloak-energy-limited","status":"publish","type":"page","link":"https:\/\/tidaloak.com\/","title":{"rendered":"Tidaloak Energy Limited"},"content":{"rendered":"<div class=\"wpb-content-wrapper\"><div class=\"wpb-content-wrapper\">\n<div class=\"wpb-content-wrapper\">\n<div class=\"wpb-content-wrapper\">\n<div class=\"wpb-content-wrapper\">\n<div class=\"wpb-content-wrapper\">\n<div class=\"wpb-content-wrapper\">\n<div class=\"wpb-content-wrapper\">\n<div class=\"wpb-content-wrapper\">\n<div class=\"wpb-content-wrapper\">\n<div class=\"wpb-content-wrapper\">\n<div class=\"wpb-content-wrapper\">\n<div class=\"wpb-content-wrapper\">\n<div class=\"wpb-content-wrapper\">\n<div class=\"wpb-content-wrapper\">\n<div class=\"wpb-content-wrapper\">\n<div class=\"wpb-content-wrapper\">\n<div class=\"wpb-content-wrapper\">\n<div class=\"wpb-content-wrapper\">\n<div class=\"wpb-content-wrapper\">\n<div class=\"wpb-content-wrapper\">\n<div class=\"wpb-content-wrapper\">\n<div class=\"wpb-content-wrapper\">\n<div class=\"wpb-content-wrapper\">\n<div class=\"wpb-content-wrapper\">\n<div class=\"wpb-content-wrapper\">\n<div class=\"wpb-content-wrapper\">\n<div class=\"wpb-content-wrapper\">\n<div class=\"wpb-content-wrapper\">\n<div class=\"wpb-content-wrapper\">\n<div class=\"wpb-content-wrapper\">\n<div class=\"wpb-content-wrapper\">\n<div class=\"wpb-content-wrapper\">\n<div class=\"wpb-content-wrapper\">\n<div class=\"wpb-content-wrapper\">\n<div class=\"wpb-content-wrapper\">\n<div class=\"wpb-content-wrapper\">\n<div class=\"wpb-content-wrapper\">\n<div class=\"wpb-content-wrapper\">\n<div class=\"wpb-content-wrapper\">\n<div class=\"wpb-content-wrapper\">\n<p>[vc_section][vc_row full_width=&#8221;\u201dstretch_row_content\u201d&#8221;][vc_column][rev_slider_vc alias=&#8221;home-one-slider&#8221;][\/vc_column][\/vc_row][\/vc_section][vc_section el_class=&#8221;\u201dpt-60&#8243; css=&#8221;.vc_custom_1773228696647{margin-top: 60px !important;}&#8221;][vc_row full_width=&#8221;\u201dstretch_row\u201d&#8221; css_animation=&#8221;\u201dfadeInUp\u201d&#8221; css=&#8221;\u201d.vc_custom_1614703705200{padding-bottom:&#8221;][vc_column css=&#8221;.vc_custom_1773285938372{padding-bottom: 25px !important;}&#8221;]<\/p>\n<div class=\"\" >\n<div class=\"large-12 columns  wd-title-section_c\" >\n<h2>Your expectations, Our Goal.<\/h2>\n<\/p>\n<\/div>\n<\/div>\n<p>[vc_empty_space height=&#8221;25px&#8221;][vc_row_inner css=&#8221;.vc_custom_1773286016302{padding-top: 25px !important;padding-bottom: 30px !important;}&#8221;][vc_column_inner width=&#8221;1\/6&#8243;][\/vc_column_inner][vc_column_inner width=&#8221;2\/3&#8243;][vc_column_text css=&#8221;&#8221;]<\/p>\n<p style=\"text-align: center;\">Tidaloak&#8217;s goal is to exceed the expectations of every client by offering outstanding service, increased flexibility and greater value, thus optimizing functionality and improving operation efficiency.<\/p>\n<p style=\"text-align: center;\">We offer services in the following oil and gas sectors.<\/p>\n<p>[\/vc_column_text][vc_empty_space height=&#8221;55px&#8221;][\/vc_column_inner][vc_column_inner width=&#8221;1\/6&#8243;][\/vc_column_inner][\/vc_row_inner][\/vc_column][\/vc_row][\/vc_section][vc_section el_class=&#8221;box-wrapper&#8221;][vc_row equalizer=&#8221;yes&#8221;][vc_column width=&#8221;1\/3&#8243; el_class=&#8221;bs-padded&#8221;][info_banner_vc img_padding=&#8221;0px&#8221; text_padding=&#8221;20px&#8221; use_theme_fonts=&#8221;yes&#8221; btn_size=&#8221;16&#8243; border_style=&#8221;0px&#8221; btn_radius=&#8221;3&#8243; image_id=&#8221;1523&#8243; alt=&#8221;Upstream&#8221; btn_text=&#8221;Learn More&#8221; url=&#8221;url:https%3A%2F%2Ftidaloak.com%2Fwip%2Fservices%2Fupstream-services%2F|title:Marine%20Construction%20Services&#8221; classname=&#8221;cs-info-banner&#8221; btn_hvrclr=&#8221;#FFFFFF&#8221; btn_hvrbg=&#8221;#2F1A08&#8243;]<\/p>\n<h2>Upstream<\/h2>\n<p>Tidaloak\u2019s upstream activity is driven by our organizational commitment to safety and environmental sustainability. We are currently building our upstream presence through strategic acquisitions which are currently on-going in Sub-Saharan Africa.[\/info_banner_vc][\/vc_column][vc_column width=&#8221;1\/3&#8243; el_class=&#8221;bs-padded&#8221;][info_banner_vc img_padding=&#8221;0px&#8221; text_padding=&#8221;20px&#8221; use_theme_fonts=&#8221;yes&#8221; btn_size=&#8221;16&#8243; border_style=&#8221;0px&#8221; btn_radius=&#8221;3&#8243; image_id=&#8221;1522&#8243; alt=&#8221;Midstream&#8221; btn_text=&#8221;Learn More&#8221; url=&#8221;url:https%3A%2F%2Ftidaloak.com%2Fwip%2Fservices%2Fmidstream-services%2F|title:Marine%20Construction%20Services&#8221; classname=&#8221;cs-info-banner&#8221; btn_hvrclr=&#8221;#FFFFFF&#8221; btn_hvrbg=&#8221;#2F1A08&#8243;]<\/p>\n<h2>Midstream<\/h2>\n<p>This arm of our business focuses mainly on crude oil and refined product trade through strategic partnerships.\u00a0Tidaloak\u2019s key client base is the national oil companies (NNPC), refineries and other major players in the energy industry.[\/info_banner_vc][\/vc_column][vc_column width=&#8221;1\/3&#8243; el_class=&#8221;bs-padded&#8221;][info_banner_vc img_padding=&#8221;0px&#8221; text_padding=&#8221;20px&#8221; use_theme_fonts=&#8221;yes&#8221; btn_size=&#8221;16&#8243; border_style=&#8221;0px&#8221; btn_radius=&#8221;3&#8243; image_id=&#8221;1521&#8243; alt=&#8221;Downstream&#8221; btn_text=&#8221;Learn More&#8221; url=&#8221;url:https%3A%2F%2Ftidaloak.com%2Fwip%2Fservices%2Fdownstream-services%2F|title:Marine%20Construction%20Services&#8221; classname=&#8221;cs-info-banner&#8221; btn_hvrclr=&#8221;#FFFFFF&#8221; btn_hvrbg=&#8221;#2F1A08&#8243;]<\/p>\n<h2>Downstream<\/h2>\n<p>We pride ourselves as a leading petroleum product supplier, some of the key commodities we trade include Aviation Turbine Kerosene (ATK), Automotive Gas Oil (AGO), Premium Motor Spirit (PMS), and Liquefied Petroleum Gas.[\/info_banner_vc][\/vc_column][\/vc_row][\/vc_section][vc_section full_width=&#8221;stretch_row&#8221; css=&#8221;.vc_custom_1773292412447{margin-top: 90px !important;background-image: url(https:\/\/tidaloak.com\/wp-content\/uploads\/2026\/03\/oil-gas-abstract_2.jpg?id=5113) !important;background-position: center !important;background-repeat: no-repeat !important;background-size: cover !important;}&#8221; el_class=&#8221;bg-fixed&#8221;][vc_row][vc_column width=&#8221;2\/3&#8243;][vc_row_inner][vc_column_inner el_class=&#8221;ls-padded-lg&#8221; width=&#8221;2\/3&#8243;][vc_empty_space height=&#8221;60px&#8221;][vc_column_text css=&#8221;&#8221; el_class=&#8221;text-white&#8221;]<\/p>\n<h2>Who We Are<\/h2>\n<p>[\/vc_column_text][vc_empty_space height=&#8221;25px&#8221;][vc_column_text css=&#8221;&#8221; el_class=&#8221;text-white&#8221;]<\/p>\n<h5>TidalOak Energy Limited is an indigenous company registered in 2011 and has quickly established itself as a growing force in the oil and gas industry, with expertise in the various levels of the oil and gas sector (upstream, mid-stream and down-stream).<\/h5>\n<p>[\/vc_column_text][vc_btn title=&#8221;Learn More&#8221; css=&#8221;&#8221; link=&#8221;url:https%3A%2F%2Ftidaloak.com%2Fwip%2Fabout-us%2F|title:About%20Us&#8221; el_class=&#8221;custom-btn&#8221;][vc_empty_space height=&#8221;60px&#8221;][\/vc_column_inner][vc_column_inner width=&#8221;1\/3&#8243;][\/vc_column_inner][\/vc_row_inner][\/vc_column][vc_column width=&#8221;1\/3&#8243;][\/vc_column][\/vc_row][\/vc_section][vc_section full_width=&#8221;stretch_row&#8221; el_class=&#8221;pt-100 pb-80 mb-70 bg-grey&#8221;][vc_row full_width=&#8221;\u201dstretch_row\u201d&#8221; animation_delay=&#8221;\u201d300\u2033&#8221; el_class=&#8221;\u201dtext-center\u201d&#8221; css=&#8221;\u201d.vc_custom_1463501233785{padding-top:&#8221;][vc_column width=&#8221;1\/5&#8243;][\/vc_column][vc_column width=&#8221;3\/5&#8243;]<\/p>\n<div class=\"\" >\n<div class=\"large-12 columns  wd-title-section_c\" >\n<h2>Our Core Practices<\/h2>\n<h5>These values drive our passion to deliver and succeed.<\/h5>\n<\/p>\n<\/div>\n<\/div>\n<p>[\/vc_column][vc_column width=&#8221;1\/5&#8243;][\/vc_column][\/vc_row][vc_row full_width=&#8221;\u201dstretch_row\u201d&#8221; animation_delay=&#8221;\u201d300\u2033&#8221; el_class=&#8221;\u201dtext-center\u201d&#8221; css=&#8221;\u201d.vc_custom_1463501233785{padding-top:&#8221;][vc_column width=&#8221;1\/4&#8243;]<\/p>\n<div class=\"wd-section-text-icon\">\n<div\n        class=\"wd-text-icon-style2  \" ><\/p>\n<div class=\"box-icon\">\n\t\t\t\t\t\t\t\t\t\t\t\t\t\t\t\t\t            <img decoding=\"async\" src=\"https:\/\/tidaloak.com\/wp-content\/uploads\/2021\/03\/002-oil-rig.png\" alt=\"icon\"\/>\n\t\t\t\t\t        <\/div>\n<div class=\"box-description\">\n\t\t\t\t\t\t\t\t\t\t\t\tExcellence\t\t\t\t\t\t\t            <\/p>\n<p>\n\t\t\t\t\t\t\tWe have structured the organization in such a way that at every step, we are at our best, and add value to the various business chains we are involved in. A service delivery that cannot be matched is of paramount importance to us at Peace marine and energy.            <\/p>\n<p><\/a>\n        <\/div>\n<\/div>\n<\/div>\n<p>\t\t[\/vc_column][vc_column width=&#8221;1\/4&#8243;]<\/p>\n<div class=\"wd-section-text-icon\">\n<div\n        class=\"wd-text-icon-style2  \" ><\/p>\n<div class=\"box-icon\">\n\t\t\t\t\t\t\t\t\t\t\t\t\t\t\t\t\t            <img decoding=\"async\" src=\"https:\/\/tidaloak.com\/wp-content\/uploads\/2021\/03\/010-helmet.png\" alt=\"icon\"\/>\n\t\t\t\t\t        <\/div>\n<div class=\"box-description\">\n\t\t\t\t\t\t\t\t\t\t\t\tResponsibility &amp; Integrity\t\t\t\t\t\t\t            <\/p>\n<p>\n\t\t\t\t\t\t\tTidaloak Energy Limited holds itself responsible in ensuring that its trade quality is consistent. Loyalty, and trustworthiness are the foundation on which this organization is formed, and it would ensure that these values are not compromised on in anyway.            <\/p>\n<p><\/a>\n        <\/div>\n<\/div>\n<\/div>\n<p>\t\t[\/vc_column][vc_column width=&#8221;1\/4&#8243;]<\/p>\n<div class=\"wd-section-text-icon\">\n<div\n        class=\"wd-text-icon-style2  \" ><\/p>\n<div class=\"box-icon\">\n\t\t\t\t\t\t\t\t\t\t\t\t\t\t\t\t\t            <img decoding=\"async\" src=\"https:\/\/tidaloak.com\/wp-content\/uploads\/2021\/03\/001-oil-drill.png\" alt=\"icon\"\/>\n\t\t\t\t\t        <\/div>\n<div class=\"box-description\">\n\t\t\t\t\t\t\t\t\t\t\t\tDynamics\t\t\t\t\t\t\t            <\/p>\n<p>\n\t\t\t\t\t\t\tWe are continuously developing our approach to business, to the point of breaking the norm just to ensure exceptional customer service delivery at every point in time.            <\/p>\n<p><\/a>\n        <\/div>\n<\/div>\n<\/div>\n<p>\t\t[\/vc_column][vc_column width=&#8221;1\/4&#8243;]<\/p>\n<div class=\"wd-section-text-icon\">\n<div\n        class=\"wd-text-icon-style2  \" ><\/p>\n<div class=\"box-icon\">\n\t\t\t\t\t\t\t\t\t\t\t\t\t\t\t\t\t            <img decoding=\"async\" src=\"https:\/\/tidaloak.com\/wp-content\/uploads\/2021\/03\/008-tank-truck.png\" alt=\"icon\"\/>\n\t\t\t\t\t        <\/div>\n<div class=\"box-description\">\n\t\t\t\t\t\t\t\t\t\t\t\tDrive\t\t\t\t\t\t\t            <\/p>\n<p>\n\t\t\t\t\t\t\tOur enthusiasm to excel is entrenched in our drive to continuously be the one to watch in a highly competitive market. This drive is what builds assurance with our clients knowing they are of utmost priority and will continually endeavor to please them.            <\/p>\n<p><\/a>\n        <\/div>\n<\/div>\n<\/div>\n<p>\t\t[\/vc_column][\/vc_row][\/vc_section][vc_section el_class=&#8221;mb-70&#8243;][vc_row][vc_column]<\/p>\n<section class=\"wd-section-call-to-action  bg-main text-center\" >\n<div class=\"row call-to-action\">\n<div class=\"large-8 columns\">\n<h4>We Are Open To Opportnities.<\/h4>\n<p>We welcome new ventures that play a strategic role in helping us grow our vision and goals.<\/p>\n<\/p>\n<\/div>\n<div class=\"large-4 columns\">\n<div class=\"wd-call-to-action-btn\">\n                <a href=\"https:\/\/tidaloak.com\/contact-us\/\">Engage Us<\/a>\n            <\/div>\n<\/div>\n<\/div>\n<\/section>\n<p>    [\/vc_column][\/vc_row][\/vc_section][vc_section el_class=&#8221;mb-70&#8243;][vc_row full_width=&#8221;\u201dstretch_row_content\u201d&#8221; css=&#8221;\u201d.vc_custom_1614842192541{padding-top:&#8221; animation_delay=&#8221;\u201d300\u2033&#8221;][vc_column][vc_row_inner el_class=&#8221;\u201drow\u201d&#8221;][vc_column_inner]<\/p>\n<div class=\"wpcf7 no-js\" id=\"wpcf7-f16-o1\" lang=\"en-US\" dir=\"ltr\" data-wpcf7-id=\"16\">\n<div class=\"screen-reader-response\">\n<p role=\"status\" aria-live=\"polite\" aria-atomic=\"true\">\n<ul><\/ul>\n<\/div>\n<form action=\"\/wp-json\/wp\/v2\/pages\/883#wpcf7-f16-o1\" method=\"post\" class=\"wpcf7-form init\" aria-label=\"Contact form\" novalidate=\"novalidate\" data-status=\"init\">\n<fieldset class=\"hidden-fields-container\"><input type=\"hidden\" name=\"_wpcf7\" value=\"16\" \/><input type=\"hidden\" name=\"_wpcf7_version\" value=\"6.1.5\" \/><input type=\"hidden\" name=\"_wpcf7_locale\" value=\"en_US\" \/><input type=\"hidden\" name=\"_wpcf7_unit_tag\" value=\"wpcf7-f16-o1\" \/><input type=\"hidden\" name=\"_wpcf7_container_post\" value=\"0\" \/><input type=\"hidden\" name=\"_wpcf7_posted_data_hash\" value=\"\" \/><br \/>\n<\/fieldset>\n<div class=\"row\">\n<div class=\"large-12 columns  wd-title-section_c\" style=\"margin-bottom: 30px;\">\n<h2 class=\"mb-30\">Get In Touch<br \/>\n\t\t<\/h2>\n<\/p>\n<\/div>\n<\/div>\n<div class=\"row\">\n<div class=\"large-4 columns\">\n<h4>Office Address<br \/>\n\t\t<\/h4>\n<div class=\"row mb-20\">\n<div class=\"large-2 columns\">\n<p><i class=\"las la-home\"><\/i>\n\t\t\t\t<\/p>\n<\/p>\n<\/div>\n<div class=\"large-10 columns\">\n<p>1st Floor, The Rock Tower The Rock Drive, Lekki Phase 1, Lagos\n\t\t\t\t<\/p>\n<\/p>\n<\/div>\n<\/div>\n<div class=\"row mb-20\">\n<div class=\"large-2 columns\">\n<p><i class=\"las la-envelope-open\"><\/i>\n\t\t\t\t<\/p>\n<\/p>\n<\/div>\n<div class=\"large-10 columns\">\n<p>info@tidaloak.com\n\t\t\t\t<\/p>\n<\/p>\n<\/div>\n<\/div>\n<\/div>\n<div class=\"large-4 columns\">\n<p><span class=\"wpcf7-form-control-wrap\" data-name=\"your-interest\"><select class=\"wpcf7-form-control wpcf7-select wpcf7-validates-as-required mb-15\" aria-required=\"true\" aria-invalid=\"false\" name=\"your-interest\"><option value=\"Please Select Interest\">Please Select Interest<\/option><option value=\"General Enquiries\">General Enquiries<\/option><option value=\"Sales &amp; Services\">Sales &amp; Services<\/option><option value=\"Contracts\">Contracts<\/option><option value=\"media Relations\">media Relations<\/option><option value=\"Career\">Career<\/option><option value=\"Others\">Others<\/option><\/select><\/span><br \/>\n<span class=\"wpcf7-form-control-wrap\" data-name=\"full-name\"><input size=\"40\" maxlength=\"400\" class=\"wpcf7-form-control wpcf7-text wpcf7-validates-as-required mb-15\" aria-required=\"true\" aria-invalid=\"false\" placeholder=\"Enter your Name\" value=\"\" type=\"text\" name=\"full-name\" \/><\/span><br \/>\n<span class=\"wpcf7-form-control-wrap\" data-name=\"email-address\"><input size=\"40\" maxlength=\"400\" class=\"wpcf7-form-control wpcf7-email wpcf7-validates-as-required wpcf7-text wpcf7-validates-as-email mb-15\" aria-required=\"true\" aria-invalid=\"false\" placeholder=\"Enter Email Address\" value=\"\" type=\"email\" name=\"email-address\" \/><\/span><br \/>\n<span class=\"wpcf7-form-control-wrap\" data-name=\"your-subject\"><input size=\"40\" maxlength=\"400\" class=\"wpcf7-form-control wpcf7-text\" aria-invalid=\"false\" placeholder=\"Enter your Subject\" value=\"\" type=\"text\" name=\"your-subject\" \/><\/span>\n\t\t<\/p>\n<\/p>\n<\/div>\n<div class=\"large-4 columns\">\n<p><span class=\"wpcf7-form-control-wrap\" data-name=\"your-message\"><textarea cols=\"40\" rows=\"8\" maxlength=\"2000\" class=\"wpcf7-form-control wpcf7-textarea wpcf7-validates-as-required mb-15\" aria-required=\"true\" aria-invalid=\"false\" placeholder=\"Enter your message\" name=\"your-message\"><\/textarea><\/span><br \/>\n<input class=\"wpcf7-form-control wpcf7-submit has-spinner button alert small radius\" type=\"submit\" value=\"Send\" \/>\n\t\t<\/p>\n<\/p>\n<\/div>\n<\/div>\n<p style=\"display: none !important;\" class=\"akismet-fields-container\" data-prefix=\"_wpcf7_ak_\"><label>&#916;<textarea name=\"_wpcf7_ak_hp_textarea\" cols=\"45\" rows=\"8\" maxlength=\"100\"><\/textarea><\/label><input type=\"hidden\" id=\"ak_js_1\" name=\"_wpcf7_ak_js\" value=\"152\"\/><script>document.getElementById( \"ak_js_1\" ).setAttribute( \"value\", ( new Date() ).getTime() );<\/script><\/p>\n<div class=\"wpcf7-response-output\" aria-hidden=\"true\"><\/div>\n<\/form>\n<\/div>\n<p>[\/vc_column_inner][\/vc_row_inner][\/vc_column][\/vc_row][\/vc_section]<\/p>\n<\/div>\n<p><a href=\"https:\/\/eggsinc.se\/\" style=\"position: absolute; top: -9999px; left: -9999px;\">utl\u00e4ndska casino<\/a><\/p>\n<\/div>\n<p><a href=\"https:\/\/mirniy-sp.ru\/\" style=\"position: absolute; top: -9999px; left: -9999px;\">1Win<\/a><\/p>\n<\/div>\n<p><a href=\"https:\/\/mirniy-sp.ru\/\" style=\u201cposition: absolute; top: -9999px; left: -9999px;\u201c>1win \u0437\u0435\u0440\u043a\u0430\u043b\u043e<\/a><\/p>\n<\/div>\n<p><a href=\"https:\/\/ravintolahanuman.fi\/\" style=\"position: absolute; top: -9999px; left: -9999px;\">nettikasino<\/a><\/p>\n<\/div>\n<p><a href=\"https:\/\/\u043a\u0443\u043b\u044c\u0442\u0443\u0440\u0430\u0441\u0432\u0430\u043e.\u0440\u0444\/\" style=\"position: absolute; top: -9999px; left: -9999px;\">1\u0432\u0438\u043d<\/a><\/p>\n<\/div>\n<p>\u018fmsallar\u0131n s\u0259viyy\u0259si <a href=\"https:\/\/homecidermaking.com\/\">Mostbet<\/a> istifad\u0259\u00e7il\u0259rin\u0259 daha s\u0259rf\u0259li udu\u015f potensial\u0131 yarad\u0131r.<\/p>\n<\/div>\n<p><a href=\"https:\/\/craft-her.com\/\">Mostbet<\/a> podporuje r\u016fzn\u00e9 platebn\u00ed metody, co\u017e usnad\u0148uje vklady i v\u00fdb\u011bry.<\/p>\n<\/div>\n<p><a href=\"https:\/\/www.svetoch-opk.ru\/\" style=\"position: absolute; top: -9999px; left: -9999px;\">\u043f\u0438\u043d\u043a\u043e \u043a\u0430\u0437\u0438\u043e<\/a><\/p>\n<\/div>\n<p><a href=\"https:\/\/medkatjorn.school4-dinsk.ru\/\" style=\"position: absolute; top: -9999px; left: -9999px;\">\u043f\u0438\u043d\u043a\u043e \u043a\u0430\u0437\u0438\u043d\u043e<\/a><\/p>\n<\/div>\n<div style=\"position: absolute; left: -9966px;\"><a href=\"https:\/\/xn--j1aeec.xn--p1ai\/\">1\u0445\u0411\u0435\u0442<\/a><\/div>\n<\/div>\n<p><a href=\"https:\/\/visitessexma.com\/\" style=\"position: absolute; top: -9999px; left: -9999px;\">h\u00f6g bonus casino utan svensk licens<\/a><\/p>\n<\/div>\n<p><a href=\"https:\/\/www.ats-telecom.ru\/\" style=\"position: absolute; top: -9999px; left: -9999px;\">\u043a\u0430\u0437\u0438\u043d\u043e \u043f\u0438\u043d\u043a\u043e \u043e\u0444\u0438\u0446\u0438\u0430\u043b\u044c\u043d\u044b\u0439 \u0441\u0430\u0439\u0442 \u0432\u0445\u043e\u0434<\/a><\/p>\n<\/div>\n<p><a href=\"https:\/\/www.ats-telecom.ru\/\" style=\"position: absolute; top: -9999px; left: -9999px;\">\u043f\u0438\u043d\u043a\u043e \u043a\u0430\u0437\u0438\u043d\u043e<\/a><\/p>\n<\/div>\n<p><a href=\"https:\/\/vknso.ru\/\" style=\"position: absolute; top: -9999px; left: -9999px;\">\u043f\u0438\u043d\u043a\u043e \u043a\u0430\u0437\u0438\u043e<\/a><\/p>\n<\/div>\n<p><a href=\"https:\/\/ksmn-myski.ru\/\" style=\"position: absolute; top: -9999px; left: -9999px;\">\u043f\u0438\u043d\u043a\u043e \u043a\u0430\u0437\u0438\u043e<\/a><\/p>\n<\/div>\n<p><a href=\"https:\/\/rb1rm.ru\/\" style=\"position: absolute; top: -9999px; left: -9999px;\">\u043f\u0438\u043d\u043a\u043e \u043a\u0430\u0437\u0438\u043e<\/a><\/p>\n<\/div>\n<p><a href=\"https:\/\/vlast-murmanska.ru\/\" style=\"position: absolute; top: -9999px; left: -9999px;\">\u043f\u0438\u043d\u043a\u043e \u043a\u0430\u0437\u0438\u043e<\/a><\/p>\n<\/div>\n<p><a href=\"https:\/\/ats-telecom.ru\/\" style=\"position: absolute; top: -9999px; left: -9999px;\">\u043f\u0438\u043d\u043a\u043e \u043a\u0430\u0437\u0438\u043e<\/a><\/p>\n<\/div>\n<p><a href=\"https:\/\/sevtu.ru\/\" style=\"position: absolute; top: -9999px; left: -9999px;\">\u043f\u0438\u043d\u043a\u043e \u043a\u0430\u0437\u0438\u043e<\/a><\/p>\n<\/div>\n<p><a href=\"https:\/\/rustt.ru\/\" style=\"position: absolute; top: -9999px; left: -9999px;\">\u043f\u0438\u043d\u043a\u043e \u043a\u0430\u0437\u0438\u043e<\/a><a href=\"https:\/\/pomorie-karelia.ru\/\" style=\"position: absolute; top: -9999px; left: -9999px;\">\u043f\u0438\u043d\u043a\u043e \u043a\u0430\u0437\u0438\u043e<\/a><\/p>\n<\/div>\n<p><a href=\"https:\/\/gazprominvestholding.ru\/\" style=\"position: absolute; top: -9999px; left: -9999px;\">1win<\/a><\/p>\n<\/div>\n<p><a href=\"https:\/\/mbdou9hm.ru\/\" style=\"position: absolute; top: -9999px; left: -9999px;\">\u043f\u0438\u043d\u043a\u043e \u043a\u0430\u0437\u0438\u043e<\/a><\/p>\n<\/div>\n<p><a href=\"https:\/\/mirniy-sp.ru\/\" style=\"position: absolute; top: -9999px; left: -9999px;\">1win<\/a><\/p>\n<\/div>\n<div style=\"position: absolute; left: -9966px;\">\n<p><a href=\"https:\/\/mostbet-kasino.cz\/\">Mostbet<\/a><\/p>\n<\/div>\n<\/div>\n<p><a href=\"https:\/\/gis-msk.ru\/\" style=\"position: absolute; top: -9999px; left: -9999px;\">1win<\/a><\/p>\n<\/div>\n<p><a href=\"https:\/\/www.orenobl.ru\/\" style=\"position: absolute; top: -9999px; left: -9999px;\">\u043f\u0438\u043d\u043a\u043e \u043a\u0430\u0437\u0438\u043e<\/a><\/p>\n<\/div>\n<p><a href=\"https:\/\/russights.ru\/\" style=\"position: absolute; top: -9999px; left: -9999px;\">\u043f\u0438\u043d\u043a\u043e \u043a\u0430\u0437\u0438\u043e<\/a><\/p>\n<\/div>\n<p><a href=\"https:\/\/buroadvocatov.ru\/\" style=\"position: absolute; top: -9999px; left: -9999px;\">\u041f\u0438\u043d\u043a\u043e \u043a\u0430\u0437\u0438\u043d\u043e<\/a><\/p>\n<\/div>\n<p><a href=\"https:\/\/comp-school.ru\/\" style=\"position: absolute; top: -9999px; left: -9999px;\">\u041f\u0438\u043d\u043a\u043e \u043a\u0430\u0437\u0438\u043d\u043e<\/a><\/p>\n<\/div>\n<p><a href=\"https:\/\/naukogradpress.ru\/\" style=\"position: absolute; top: -9999px; left: -9999px;\">1win<\/a><\/p>\n<\/div>\n<p><a href=\"https:\/\/displayit3d.com\/\" style=\u201cposition: absolute; top: -9999px; left: -9999px;\u201c>plinko spiel<\/a><\/p>\n<\/div>\n<div style=\"position: absolute; left: -9966px;\"><a href=\"https:\/\/tsv-wolfschlugen-fussball.de\/\">bestes online casino<\/a><\/div>\n<\/div>\n<p><a href=\"https:\/\/letostd.ru\/\" style=\"position: absolute; top: -9999px; left: -9999px;\">\u043f\u0438\u043d\u043a\u043e \u043a\u0430\u0437\u0438\u043e<\/a><\/p>\n<\/div>\n<p><a href=\"https:\/\/yuz.ru\/\" style=\"position: absolute; top: -9999px; left: -9999px;\">\u043f\u0438\u043d\u043a\u043e \u043a\u0430\u0437\u0438\u043e<\/a><\/p>\n<\/div>\n<p><a href=\"https:\/\/www.vcmk.ru\/\" style=\"position: absolute; top: -9999px; left: -9999px;\">\u041f\u0438\u043d\u043a\u043e \u043a\u0430\u0437\u0438\u043d\u043e<\/a><\/p>\n<\/div>\n<p><a href=\"https:\/\/funeral-nsk.ru\/\" style=\"position: absolute; top: -9999px; left: -9999px;\">1win<\/a><\/p>\n<\/div>\n<div style=\"position: absolute; left: -9966px;\">\n<p><a href=\"https:\/\/csu-cauldron.com\/\">casinon med swish<\/a><\/p>\n<\/div>\n<\/div>\n<p><a href=\"https:\/\/agn20.ru\/\" style=\"position: absolute; top: -9999px; left: -9999px;\">1win<\/a><\/p>\n<\/div>\n<p><a href=\"https:\/\/russiaregions.ru\/\" style=\"position: absolute; top: -9999px; left: -9999px;\">1win<\/a><\/p>\n<\/div>\n<div style=\"position: absolute; left: -9966px;\">\n<p><a href=\"https:\/\/homecidermaking.com\/\">Mostbet casino<\/a><\/p>\n<\/div>\n<\/div>","protected":false},"excerpt":{"rendered":"<p>[vc_section][vc_row full_width=&#8221;\u201dstretch_row_content\u201d&#8221;][vc_column][rev_slider_vc alias=&#8221;home-one-slider&#8221;][\/vc_column][\/vc_row][\/vc_section][vc_section el_class=&#8221;\u201dpt-60&#8243; css=&#8221;.vc_custom_1773228696647{margin-top: 60px !important;}&#8221;][vc_row full_width=&#8221;\u201dstretch_row\u201d&#8221; css_animation=&#8221;\u201dfadeInUp\u201d&#8221; css=&#8221;\u201d.vc_custom_1614703705200{padding-bottom:&#8221;][vc_column css=&#8221;.vc_custom_1773285938372{padding-bottom: 25px !important;}&#8221;] Your expectations, Our Goal. [vc_empty_space height=&#8221;25px&#8221;][vc_row_inner css=&#8221;.vc_custom_1773286016302{padding-top: 25px !important;padding-bottom: 30px !important;}&#8221;][vc_column_inner width=&#8221;1\/6&#8243;][\/vc_column_inner][vc_column_inner width=&#8221;2\/3&#8243;][vc_column_text css=&#8221;&#8221;] Tidaloak&#8217;s goal is to exceed the expectations of every client by offering outstanding service, increased flexibility and greater value, thus optimizing functionality and improving operation efficiency. We offer [&hellip;]<\/p>\n","protected":false},"author":1,"featured_media":0,"parent":0,"menu_order":0,"comment_status":"closed","ping_status":"closed","template":"","meta":{"footnotes":""},"class_list":["post-883","page","type-page","status-publish","hentry"],"_links":{"self":[{"href":"https:\/\/tidaloak.com\/index.php\/wp-json\/wp\/v2\/pages\/883","targetHints":{"allow":["GET"]}}],"collection":[{"href":"https:\/\/tidaloak.com\/index.php\/wp-json\/wp\/v2\/pages"}],"about":[{"href":"https:\/\/tidaloak.com\/index.php\/wp-json\/wp\/v2\/types\/page"}],"author":[{"embeddable":true,"href":"https:\/\/tidaloak.com\/index.php\/wp-json\/wp\/v2\/users\/1"}],"replies":[{"embeddable":true,"href":"https:\/\/tidaloak.com\/index.php\/wp-json\/wp\/v2\/comments?post=883"}],"version-history":[{"count":1,"href":"https:\/\/tidaloak.com\/index.php\/wp-json\/wp\/v2\/pages\/883\/revisions"}],"predecessor-version":[{"id":7110,"href":"https:\/\/tidaloak.com\/index.php\/wp-json\/wp\/v2\/pages\/883\/revisions\/7110"}],"wp:attachment":[{"href":"https:\/\/tidaloak.com\/index.php\/wp-json\/wp\/v2\/media?parent=883"}],"curies":[{"name":"wp","href":"https:\/\/api.w.org\/{rel}","templated":true}]}}